{"id":169,"date":"2026-03-17T18:58:13","date_gmt":"2026-03-17T17:58:13","guid":{"rendered":"https:\/\/antoninomollica.com\/?page_id=169"},"modified":"2026-03-18T17:11:09","modified_gmt":"2026-03-18T16:11:09","slug":"accueil","status":"publish","type":"page","link":"https:\/\/antoninomollica.com\/","title":{"rendered":"Accueil"},"content":{"rendered":"\n<div class=\"wp-block-cover has-custom-content-position is-position-center-right\" style=\"border-style:none;border-width:0px;border-top-left-radius:0px;border-top-right-radius:0px;border-bottom-left-radius:0px;border-bottom-right-radius:0px;margin-top:0px;margin-bottom:0px;padding-top:0;padding-right:5%;padding-bottom:0;padding-left:5%;min-height:88vh;aspect-ratio:unset;\"><img loading=\"lazy\" decoding=\"async\" width=\"1024\" height=\"480\" class=\"wp-block-cover__image-background wp-image-161 size-large\" alt=\"\" src=\"http:\/\/antoninomollica.com\/wp-content\/uploads\/2026\/03\/hero_header-1024x480.png\" style=\"object-position:50% 0%\" data-object-fit=\"cover\" data-object-position=\"50% 0%\" srcset=\"https:\/\/antoninomollica.com\/wp-content\/uploads\/2026\/03\/hero_header-1024x480.png 1024w, https:\/\/antoninomollica.com\/wp-content\/uploads\/2026\/03\/hero_header-300x141.png 300w, https:\/\/antoninomollica.com\/wp-content\/uploads\/2026\/03\/hero_header-768x360.png 768w, https:\/\/antoninomollica.com\/wp-content\/uploads\/2026\/03\/hero_header-1536x720.png 1536w, https:\/\/antoninomollica.com\/wp-content\/uploads\/2026\/03\/hero_header.png 1920w\" sizes=\"auto, (max-width: 1024px) 100vw, 1024px\" \/><span aria-hidden=\"true\" class=\"wp-block-cover__background has-contrast-background-color has-background-dim-20 has-background-dim\"><\/span><div class=\"wp-block-cover__inner-container is-layout-flow wp-container-core-cover-is-layout-1dbb4134 wp-block-cover-is-layout-flow\">\n<h1 class=\"wp-block-heading has-text-align-right has-text-color has-link-color wp-elements-ad495a35b808e8cc73d0359bb84ac9ab\" style=\"color:#dbd074;font-size:clamp(48.588px, 3.037rem + ((1vw - 3.2px) * 4.648), 96px);font-style:normal;font-weight:500;letter-spacing:10px\">Antonino Mollica<\/h1>\n\n\n\n<p class=\"has-text-align-right is-style-default has-manrope-font-family\" style=\"font-size:clamp(22.041px, 1.378rem + ((1vw - 3.2px) * 1.369), 36px);font-style:normal;font-weight:300\"><em>Musicien, Saxophoniste, professeur<\/em><\/p>\n\n\n\n<a href=\"#venir\" class=\"chevron-descendant\">\n  <svg viewBox=\"0 0 24 24\" width=\"50\" height=\"50\" stroke=\"white\" stroke-width=\"2\" fill=\"none\" stroke-linecap=\"round\" stroke-linejoin=\"round\">\n    <polyline points=\"6 9 12 15 18 9\"><\/polyline>\n  <\/svg>\n<\/a>\n<\/div><\/div>\n\n\n\n<div id=\"venir\" class=\"wp-block-group has-background is-layout-flow wp-block-group-is-layout-flow\" style=\"background-color:#3030300d;min-height:100vh;padding-top:5vh;padding-right:5%;padding-bottom:5vh;padding-left:5%\">\n<h2 class=\"wp-block-heading titre-souligne titre-anime has-manrope-font-family\" style=\"font-size:clamp(27.894px, 1.743rem + ((1vw - 3.2px) * 1.971), 48px);font-style:normal;font-weight:500;letter-spacing:4px\">\u00c0 VENIR<\/h2>\n\n\n\n<div class=\"wp-block-group is-horizontal is-content-justification-space-between is-layout-flex wp-container-core-group-is-layout-88b4bf5f wp-block-group-is-layout-flex\" style=\"padding-right:0px;padding-left:0px\">\n<div class=\"wp-block-group grille-evenements-anime wp-container-content-9cfa9a5a is-layout-flow wp-block-group-is-layout-flow\">\n<div class=\"wp-block-group boite-evenement-anime has-background is-vertical is-layout-flex wp-container-core-group-is-layout-2b471aea wp-block-group-is-layout-flex\" style=\"background-color:#2c2c2c;padding-top:var(--wp--preset--spacing--50);padding-right:var(--wp--preset--spacing--60);padding-bottom:var(--wp--preset--spacing--40);padding-left:var(--wp--preset--spacing--60)\">\n<h3 class=\"wp-block-heading date-anime-gauche texte-interne-anime has-text-color has-link-color has-manrope-font-family wp-elements-52b7439d45fd38d5aa644071dec6bb2a\" style=\"color:#dbd074;font-size:clamp(22.041px, 1.378rem + ((1vw - 3.2px) * 1.369), 36px);font-style:normal;font-weight:500;letter-spacing:1px\">26 AVRIL<\/h3>\n\n\n\n<p class=\"texte-interne-anime has-base-color has-text-color has-link-color has-manrope-font-family wp-elements-023bbc692e040c7f9ade64b3ffab4593\" style=\"font-size:clamp(14px, 0.875rem + ((1vw - 3.2px) * 0.196), 16px);font-style:normal;font-weight:200\">VILLE (FRANCE), Nom du Lieu<\/p>\n\n\n\n<p class=\"texte-interne-anime has-base-color has-text-color has-link-color has-manrope-font-family wp-elements-c0216882a797ea4638a66221b68a082f\" style=\"font-size:clamp(14.642px, 0.915rem + ((1vw - 3.2px) * 0.721), 22px);font-style:normal;font-weight:500\">Nom De L&rsquo;Orchestre<\/p>\n\n\n\n<p class=\"texte-interne-anime has-base-color has-text-color has-link-color has-manrope-font-family wp-elements-2356df3ce3a6e3311dcfa89e9a1af707\" style=\"font-size:clamp(14px, 0.875rem + ((1vw - 3.2px) * 0.588), 20px);font-style:normal;font-weight:400;line-height:0\">\u00ab&nbsp;Nom du concert\u00bb, Type d&rsquo;\u00e9v\u00e8nement<\/p>\n\n\n\n<p class=\"texte-interne-anime has-base-color has-text-color has-link-color has-manrope-font-family wp-elements-906d7c23b5f24e24f1eaff424bdd5749\" style=\"font-size:clamp(14px, 0.875rem + ((1vw - 3.2px) * 0.196), 16px);font-style:italic;font-weight:400;line-height:0\">dir.Nom direction<\/p>\n\n\n<a style=\"color:#dbd074; font-size:clamp(14px, 0.875rem + ((1vw - 3.2px) * 0.196), 16px);font-style:italic;font-weight:400;text-decoration:underline; padding-top:var(--wp--preset--spacing--30);padding-bottom:var(--wp--preset--spacing--30);\" class=\"texte-interne-anime wp-elements-da05dd8db041af6ccca154f7b3a17a31 wp-block-read-more has-text-color\" href=\"https:\/\/antoninomollica.com\/\" target=\"_self\">https:\/\/www.nomdusite.com\/event\/nomconcert&#8230;&#8230;&#8230;&#8230;\/<span class=\"screen-reader-text\">\u00a0: Accueil<\/span><\/a><\/div>\n\n\n\n<div class=\"wp-block-group boite-evenement-anime has-background is-vertical is-layout-flex wp-container-core-group-is-layout-2b471aea wp-block-group-is-layout-flex\" style=\"background-color:#2c2c2c;padding-top:var(--wp--preset--spacing--50);padding-right:var(--wp--preset--spacing--60);padding-bottom:var(--wp--preset--spacing--40);padding-left:var(--wp--preset--spacing--60)\">\n<h3 class=\"wp-block-heading date-anime-gauche texte-interne-anime has-text-color has-link-color has-manrope-font-family wp-elements-52b7439d45fd38d5aa644071dec6bb2a\" style=\"color:#dbd074;font-size:clamp(22.041px, 1.378rem + ((1vw - 3.2px) * 1.369), 36px);font-style:normal;font-weight:500;letter-spacing:1px\">26 AVRIL<\/h3>\n\n\n\n<p class=\"texte-interne-anime has-base-color has-text-color has-link-color has-manrope-font-family wp-elements-023bbc692e040c7f9ade64b3ffab4593\" style=\"font-size:clamp(14px, 0.875rem + ((1vw - 3.2px) * 0.196), 16px);font-style:normal;font-weight:200\">VILLE (FRANCE), Nom du Lieu<\/p>\n\n\n\n<p class=\"texte-interne-anime has-base-color has-text-color has-link-color has-manrope-font-family wp-elements-c0216882a797ea4638a66221b68a082f\" style=\"font-size:clamp(14.642px, 0.915rem + ((1vw - 3.2px) * 0.721), 22px);font-style:normal;font-weight:500\">Nom De L&rsquo;Orchestre<\/p>\n\n\n\n<p class=\"texte-interne-anime has-base-color has-text-color has-link-color has-manrope-font-family wp-elements-2356df3ce3a6e3311dcfa89e9a1af707\" style=\"font-size:clamp(14px, 0.875rem + ((1vw - 3.2px) * 0.588), 20px);font-style:normal;font-weight:400;line-height:0\">\u00ab&nbsp;Nom du concert\u00bb, Type d&rsquo;\u00e9v\u00e8nement<\/p>\n\n\n\n<p class=\"texte-interne-anime has-base-color has-text-color has-link-color has-manrope-font-family wp-elements-906d7c23b5f24e24f1eaff424bdd5749\" style=\"font-size:clamp(14px, 0.875rem + ((1vw - 3.2px) * 0.196), 16px);font-style:italic;font-weight:400;line-height:0\">dir.Nom direction<\/p>\n\n\n<a style=\"color:#dbd074; font-size:clamp(14px, 0.875rem + ((1vw - 3.2px) * 0.196), 16px);font-style:italic;font-weight:400;text-decoration:underline; padding-top:var(--wp--preset--spacing--30);padding-bottom:var(--wp--preset--spacing--30);\" class=\"texte-interne-anime wp-elements-da05dd8db041af6ccca154f7b3a17a31 wp-block-read-more has-text-color\" href=\"https:\/\/antoninomollica.com\/\" target=\"_self\">https:\/\/www.nomdusite.com\/event\/nomconcert&#8230;&#8230;&#8230;&#8230;\/<span class=\"screen-reader-text\">\u00a0: Accueil<\/span><\/a><\/div>\n<\/div>\n\n\n\n<div class=\"wp-block-buttons wp-container-content-fe77df4a is-layout-flex wp-block-buttons-is-layout-flex\">\n<div class=\"wp-block-button has-custom-width wp-block-button__width-100 is-style-fill bouton-voir-plus-anime\"><a class=\"wp-block-button__link has-background has-manrope-font-family has-custom-font-size wp-element-button\" style=\"border-top-left-radius:0px;border-top-right-radius:0px;border-bottom-left-radius:0px;border-bottom-right-radius:0px;background-color:#dbd074;font-size:clamp(14px, 0.875rem + ((1vw - 3.2px) * 0.588), 20px);font-style:normal;font-weight:600\">Voir Plus &gt;<\/a><\/div>\n<\/div>\n<\/div>\n<\/div>\n\n\n\n<div class=\"wp-block-group has-background is-layout-flow wp-block-group-is-layout-flow\" style=\"background-color:#2c2c2c;min-height:100vh;padding-top:5vh;padding-right:5%;padding-bottom:5vh;padding-left:5%\">\n<h2 class=\"wp-block-heading titre-souligne titre-anime has-base-color has-text-color has-link-color has-manrope-font-family wp-elements-83aa11410c647575230f842c48cec65a\" style=\"font-size:clamp(27.894px, 1.743rem + ((1vw - 3.2px) * 1.971), 48px);font-style:normal;font-weight:500;letter-spacing:4px\">PRESSE<\/h2>\n\n\n\n<div class=\"wp-block-group bloc-presse-anime cascade-1 has-base-color has-text-color has-link-color wp-elements-3ffa91efdb4575376abd42c967ba64dd is-vertical is-layout-flex wp-container-core-group-is-layout-fe9cc265 wp-block-group-is-layout-flex\">\n<p class=\"has-lora-font-family\" style=\"font-size:clamp(20px, 1.25rem + ((1vw - 3.2px) * 1.176), 32px);font-style:italic;font-weight:400\">La Gazzetta del Sud<\/p>\n\n\n<a style=\"color:#dbd074; font-size:clamp(14px, 0.875rem + ((1vw - 3.2px) * 0.588), 20px);font-style:italic;font-weight:400;line-height:0;\" class=\"lien-presse-anime wp-elements-56ebc31310ad5620e39cafc152c57e98 wp-block-read-more has-text-color has-lora-font-family\" href=\"https:\/\/antoninomollica.com\/\" target=\"_blank\">www.gazzettadelsud.it<span class=\"screen-reader-text\">\u00a0: Accueil<\/span><\/a>\n\n\n<p class=\"has-lora-font-family\" style=\"font-size:clamp(14px, 0.875rem + ((1vw - 3.2px) * 0.588), 20px);font-style:italic;font-weight:400\">\u201c Senza dubbio una bella promessa per il sassofono italiano. \u201d<\/p>\n<\/div>\n\n\n\n<div class=\"wp-block-group bloc-presse-anime cascade-2 has-base-color has-text-color has-link-color wp-elements-ab54581a65d4e6b2f57b9b450bf38f9f is-vertical is-layout-flex wp-container-core-group-is-layout-fe9cc265 wp-block-group-is-layout-flex\">\n<p class=\"has-lora-font-family\" style=\"font-size:clamp(20px, 1.25rem + ((1vw - 3.2px) * 1.176), 32px);font-style:italic;font-weight:400\">Diapason Mag<\/p>\n\n\n<a style=\"color:#dbd074; font-size:clamp(14px, 0.875rem + ((1vw - 3.2px) * 0.588), 20px);font-style:italic;font-weight:400;line-height:0;\" class=\"lien-presse-anime wp-elements-14a1d83b43ac60309d988188f3bd8425 wp-block-read-more has-text-color has-lora-font-family\" href=\"https:\/\/antoninomollica.com\/\" target=\"_blank\">www.diapasonmag.fr<span class=\"screen-reader-text\">\u00a0: Accueil<\/span><\/a>\n\n\n<p class=\"has-lora-font-family\" style=\"font-size:clamp(14px, 0.875rem + ((1vw - 3.2px) * 0.588), 20px);font-style:italic;font-weight:400\">\u201cInterpr\u00e9tation savante, recherch\u00e9e mais toujours puissante \u00e9motionnellement. \u201d<\/p>\n<\/div>\n\n\n\n<div class=\"wp-block-group bloc-presse-anime cascade-3 has-base-color has-text-color has-link-color wp-elements-5a5243c25c67aeed350750afb792b3b1 is-vertical is-layout-flex wp-container-core-group-is-layout-fe9cc265 wp-block-group-is-layout-flex\">\n<p class=\"has-lora-font-family\" style=\"font-size:clamp(20px, 1.25rem + ((1vw - 3.2px) * 1.176), 32px);font-style:italic;font-weight:400\">Utmisol.fr<\/p>\n\n\n<a style=\"color:#dbd074; font-size:clamp(14px, 0.875rem + ((1vw - 3.2px) * 0.588), 20px);font-style:italic;font-weight:400;line-height:0;\" class=\"lien-presse-anime wp-elements-871307ababb8df33b4a1cbb9fabaefe3 wp-block-read-more has-text-color has-lora-font-family\" href=\"https:\/\/antoninomollica.com\/\" target=\"_blank\">www.utmisol.fr<span class=\"screen-reader-text\">\u00a0: Accueil<\/span><\/a>\n\n\n<p class=\"has-lora-font-family\" style=\"font-size:clamp(14px, 0.875rem + ((1vw - 3.2px) * 0.588), 20px);font-style:italic;font-weight:400\">\u201cUn voyage int\u00e9rieur qui ne laisse pas indiff\u00e9rent. \u201d<\/p>\n<\/div>\n\n\n\n<div class=\"wp-block-group bloc-presse-anime cascade-4 has-base-color has-text-color has-link-color wp-elements-5a073d7c22ee198da0e11d3c54fd64ca is-vertical is-layout-flex wp-container-core-group-is-layout-fe9cc265 wp-block-group-is-layout-flex\">\n<p class=\"has-lora-font-family\" style=\"font-size:clamp(20px, 1.25rem + ((1vw - 3.2px) * 1.176), 32px);font-style:italic;font-weight:400\">Times of Malta<\/p>\n\n\n<a style=\"color:#dbd074; font-size:clamp(14px, 0.875rem + ((1vw - 3.2px) * 0.588), 20px);font-style:italic;font-weight:400;line-height:0;\" class=\"lien-presse-anime wp-elements-5c461c66513cbf3674272f4c243c0fd4 wp-block-read-more has-text-color has-lora-font-family\" href=\"https:\/\/antoninomollica.com\/\" target=\"_blank\">www.timesofmalta.com<span class=\"screen-reader-text\">\u00a0: Accueil<\/span><\/a>\n\n\n<p class=\"has-lora-font-family\" style=\"font-size:clamp(14px, 0.875rem + ((1vw - 3.2px) * 0.588), 20px);font-style:italic;font-weight:400\">\u201cThe concert featured an exciting mix of saxophone and piano playing by a very accomplished performer. \u201d<\/p>\n<\/div>\n\n\n\n<div class=\"wp-block-group bloc-presse-anime cascade-5 has-base-color has-text-color has-link-color wp-elements-e95081f9dbc29f9e2a2d9c9c6d8c793e is-vertical is-layout-flex wp-container-core-group-is-layout-fe9cc265 wp-block-group-is-layout-flex\">\n<p class=\"has-lora-font-family\" style=\"font-size:clamp(20px, 1.25rem + ((1vw - 3.2px) * 1.176), 32px);font-style:italic;font-weight:400\">Bruno Mantovani<\/p>\n\n\n<a style=\"color:#dbd074; font-size:clamp(14px, 0.875rem + ((1vw - 3.2px) * 0.588), 20px);font-style:italic;font-weight:400;line-height:0;\" class=\"lien-presse-anime wp-elements-ba0b502bea951496b49e00dcb0970106 wp-block-read-more has-text-color has-lora-font-family\" href=\"https:\/\/antoninomollica.com\/\" target=\"_blank\">Directeur du Conservatoire National Sup\u00e9rieur de Musique et Danse de Paris<span class=\"screen-reader-text\">\u00a0: Accueil<\/span><\/a>\n\n\n<p class=\"has-lora-font-family\" style=\"font-size:clamp(14px, 0.875rem + ((1vw - 3.2px) * 0.588), 20px);font-style:italic;font-weight:400\">Antonino Mollica est un instrumentiste virtuose, grand d\u00e9fenseur de la musique de notre temps. Il est aussi improvisateur cr\u00e9atif, et sa connaissance du compositeur italien Giacinto Scelsi fait aujourd\u2019hui autorit\u00e9.<\/p>\n<\/div>\n<\/div>\n\n\n\n<p><\/p>\n","protected":false},"excerpt":{"rendered":"<p>\u00c0 VENIR 26 AVRIL VILLE (FRANCE), Nom du Lieu Nom De L&rsquo;Orchestre \u00ab&nbsp;Nom du concert\u00bb, Type d&rsquo;\u00e9v\u00e8nement dir.Nom direction 26 AVRIL VILLE (FRANCE), Nom du Lieu Nom De L&rsquo;Orchestre \u00ab&nbsp;Nom du concert\u00bb, Type d&rsquo;\u00e9v\u00e8nement dir.Nom direction PRESSE La Gazzetta del Sud \u201c Senza dubbio una bella promessa per il sassofono italiano. \u201d Diapason Mag \u201cInterpr\u00e9tation [&hellip;]<\/p>\n","protected":false},"author":1,"featured_media":0,"parent":0,"menu_order":0,"comment_status":"closed","ping_status":"closed","template":"accueil","meta":{"footnotes":""},"class_list":["post-169","page","type-page","status-publish","hentry"],"_links":{"self":[{"href":"https:\/\/antoninomollica.com\/index.php\/wp-json\/wp\/v2\/pages\/169","targetHints":{"allow":["GET"]}}],"collection":[{"href":"https:\/\/antoninomollica.com\/index.php\/wp-json\/wp\/v2\/pages"}],"about":[{"href":"https:\/\/antoninomollica.com\/index.php\/wp-json\/wp\/v2\/types\/page"}],"author":[{"embeddable":true,"href":"https:\/\/antoninomollica.com\/index.php\/wp-json\/wp\/v2\/users\/1"}],"replies":[{"embeddable":true,"href":"https:\/\/antoninomollica.com\/index.php\/wp-json\/wp\/v2\/comments?post=169"}],"version-history":[{"count":93,"href":"https:\/\/antoninomollica.com\/index.php\/wp-json\/wp\/v2\/pages\/169\/revisions"}],"predecessor-version":[{"id":331,"href":"https:\/\/antoninomollica.com\/index.php\/wp-json\/wp\/v2\/pages\/169\/revisions\/331"}],"wp:attachment":[{"href":"https:\/\/antoninomollica.com\/index.php\/wp-json\/wp\/v2\/media?parent=169"}],"curies":[{"name":"wp","href":"https:\/\/api.w.org\/{rel}","templated":true}]}}